{"id":290,"date":"2023-01-24T21:15:06","date_gmt":"2023-01-24T21:15:06","guid":{"rendered":"https:\/\/propertyfindersmallorca.com\/how-does-it-work\/"},"modified":"2024-08-07T12:01:11","modified_gmt":"2024-08-07T11:01:11","slug":"hur-fungerar-det","status":"publish","type":"page","link":"https:\/\/propertyfindersmallorca.com\/sv\/hur-fungerar-det\/","title":{"rendered":"HUR FUNGERAR DET"},"content":{"rendered":"[vc_row type=&#8221;full_width_background&#8221; full_screen_row_position=&#8221;middle&#8221; column_margin=&#8221;default&#8221; column_direction=&#8221;default&#8221; column_direction_tablet=&#8221;default&#8221; column_direction_phone=&#8221;default&#8221; scene_position=&#8221;center&#8221; top_padding=&#8221;8%&#8221; left_padding_desktop=&#8221;10%&#8221; constrain_group_2=&#8221;yes&#8221; right_padding_desktop=&#8221;10%&#8221; top_padding_tablet=&#8221;16%&#8221; text_color=&#8221;dark&#8221; text_align=&#8221;left&#8221; row_border_radius=&#8221;none&#8221; row_border_radius_applies=&#8221;bg&#8221; overflow=&#8221;visible&#8221; id=&#8221;how&#8221; overlay_strength=&#8221;0.3&#8243; gradient_direction=&#8221;left_to_right&#8221; shape_divider_position=&#8221;bottom&#8221; bg_image_animation=&#8221;none&#8221; gradient_type=&#8221;default&#8221; shape_type=&#8221;&#8221;][vc_column column_padding=&#8221;no-extra-padding&#8221; column_padding_tablet=&#8221;inherit&#8221; column_padding_phone=&#8221;inherit&#8221; column_padding_position=&#8221;all&#8221; column_element_direction_desktop=&#8221;default&#8221; column_element_spacing=&#8221;default&#8221; desktop_text_alignment=&#8221;default&#8221; tablet_text_alignment=&#8221;default&#8221; phone_text_alignment=&#8221;default&#8221; background_color_opacity=&#8221;1&#8243; background_hover_color_opacity=&#8221;1&#8243; column_backdrop_filter=&#8221;none&#8221; column_shadow=&#8221;none&#8221; column_border_radius=&#8221;none&#8221; column_link_target=&#8221;_self&#8221; column_position=&#8221;default&#8221; gradient_direction=&#8221;left_to_right&#8221; overlay_strength=&#8221;0.3&#8243; width=&#8221;1\/1&#8243; tablet_width_inherit=&#8221;default&#8221; animation_type=&#8221;default&#8221; bg_image_animation=&#8221;none&#8221; border_type=&#8221;simple&#8221; column_border_width=&#8221;none&#8221; column_border_style=&#8221;solid&#8221;][vc_row_inner column_margin=&#8221;default&#8221; column_direction=&#8221;default&#8221; column_direction_tablet=&#8221;default&#8221; column_direction_phone=&#8221;default&#8221; bottom_padding=&#8221;4%&#8221; text_align=&#8221;left&#8221; row_position=&#8221;default&#8221; row_position_tablet=&#8221;inherit&#8221; row_position_phone=&#8221;inherit&#8221; overflow=&#8221;visible&#8221; pointer_events=&#8221;all&#8221;][vc_column_inner column_padding=&#8221;no-extra-padding&#8221; column_padding_tablet=&#8221;inherit&#8221; column_padding_phone=&#8221;inherit&#8221; column_padding_position=&#8221;all&#8221; column_element_direction_desktop=&#8221;default&#8221; column_element_spacing=&#8221;default&#8221; centered_text=&#8221;true&#8221; desktop_text_alignment=&#8221;default&#8221; tablet_text_alignment=&#8221;default&#8221; phone_text_alignment=&#8221;default&#8221; background_color_opacity=&#8221;1&#8243; background_hover_color_opacity=&#8221;1&#8243; column_backdrop_filter=&#8221;none&#8221; column_shadow=&#8221;none&#8221; column_border_radius=&#8221;none&#8221; column_link_target=&#8221;_self&#8221; overflow=&#8221;visible&#8221; advanced_gradient_angle=&#8221;0&#8243; gradient_direction=&#8221;left_to_right&#8221; overlay_strength=&#8221;0.3&#8243; width=&#8221;1\/1&#8243; tablet_width_inherit=&#8221;default&#8221; animation_type=&#8221;default&#8221; bg_image_animation=&#8221;none&#8221; border_type=&#8221;simple&#8221; column_border_width=&#8221;none&#8221; column_border_style=&#8221;solid&#8221; gradient_type=&#8221;default&#8221;][nectar_highlighted_text style=&#8221;none&#8221; custom_font_size=&#8221;3vw&#8221; font_size_tablet=&#8221;6vw&#8221; font_line_height=&#8221;1.2&#8243;][\/nectar_highlighted_text][\/vc_column_inner][\/vc_row_inner][\/vc_column][\/vc_row][vc_row type=&#8221;full_width_content&#8221; full_screen_row_position=&#8221;middle&#8221; column_margin=&#8221;custom&#8221; column_margin_custom=&#8221;7vw&#8221; equal_height=&#8221;yes&#8221; content_placement=&#8221;middle&#8221; column_direction=&#8221;default&#8221; column_direction_tablet=&#8221;default&#8221; column_direction_phone=&#8221;default&#8221; bg_color=&#8221;#f7f7f7&#8243; scene_position=&#8221;center&#8221; top_padding=&#8221;3%&#8221; bottom_padding=&#8221;12%&#8221; left_padding_desktop=&#8221;7vw&#8221; constrain_group_2=&#8221;yes&#8221; right_padding_desktop=&#8221;7vw&#8221; text_color=&#8221;dark&#8221; text_align=&#8221;left&#8221; row_border_radius=&#8221;none&#8221; row_border_radius_applies=&#8221;bg&#8221; overflow=&#8221;visible&#8221; advanced_gradient_angle=&#8221;0&#8243; overlay_strength=&#8221;0.8&#8243; gradient_direction=&#8221;left_to_right&#8221; shape_divider_color=&#8221;#f9f9f9&#8243; shape_divider_position=&#8221;bottom&#8221; shape_divider_height=&#8221;99%&#8221; bg_image_animation=&#8221;none&#8221; shape_type=&#8221;straight_section&#8221; gradient_type=&#8221;default&#8221;][vc_column left_padding_desktop=&#8221;2vw&#8221; column_element_direction_desktop=&#8221;default&#8221; column_element_spacing=&#8221;default&#8221; desktop_text_alignment=&#8221;default&#8221; tablet_text_alignment=&#8221;default&#8221; phone_text_alignment=&#8221;default&#8221; background_color_opacity=&#8221;1&#8243; background_hover_color_opacity=&#8221;1&#8243; column_backdrop_filter=&#8221;none&#8221; column_shadow=&#8221;none&#8221; column_border_radius=&#8221;none&#8221; column_link_target=&#8221;_self&#8221; column_position=&#8221;default&#8221; advanced_gradient_angle=&#8221;0&#8243; gradient_direction=&#8221;left_to_right&#8221; overlay_strength=&#8221;0.3&#8243; width=&#8221;1\/2&#8243; tablet_width_inherit=&#8221;default&#8221; animation_type=&#8221;default&#8221; bg_image_animation=&#8221;none&#8221; border_type=&#8221;simple&#8221; column_border_width=&#8221;none&#8221; column_border_style=&#8221;solid&#8221; column_padding_type=&#8221;advanced&#8221; gradient_type=&#8221;default&#8221;][toggles style=&#8221;minimal_shadow&#8221; accordion=&#8221;true&#8221; accordion_starting_functionality=&#8221;default&#8221; border_radius=&#8221;none&#8221;][toggle color=&#8221;Accent-Color&#8221; heading_tag=&#8221;h3&#8243; heading_tag_functionality=&#8221;default&#8221; title=&#8221;Hur fungerar det?&#8221;][vc_column_text]V\u00e5r process f\u00f6r att hj\u00e4lpa kunder att hitta sitt dr\u00f6mhem \u00e4r b\u00e5de strukturerad och effektiv. Det b\u00f6rjar med ett f\u00f6rsta m\u00f6te d\u00e4r vi bygger upp en tydlig profil f\u00f6r den typ av fastighet kunden s\u00f6ker. Detta \u00e4r avg\u00f6rande f\u00f6r att s\u00e4kerst\u00e4lla att s\u00f6kningen \u00e4r s\u00e5 riktad och effektiv som m\u00f6jligt. Genom att underteckna ett avtal om s\u00f6kf\u00f6rfr\u00e5gan f\u00e5r kunderna f\u00f6rtroende f\u00f6r att vi verkligen kommer att arbeta f\u00f6r deras b\u00e4sta intresse och engagera oss fullt ut f\u00f6r att hitta den r\u00e4tta fastigheten.<\/p>\n<div class=\"group\/conversation-turn relative flex w-full min-w-0 flex-col agent-turn\">\n<div class=\"flex-col gap-1 md:gap-3\">\n<div class=\"flex max-w-full flex-col flex-grow\">\n<div class=\"min-h-[20px] text-message flex w-full flex-col items-end gap-2 whitespace-pre-wrap break-words [.text-message+&amp;]:mt-5 overflow-x-auto\" dir=\"auto\" data-message-author-role=\"assistant\" data-message-id=\"a1777fb7-1b32-4cdf-89ba-3625d8c6e481\">\n<div class=\"flex w-full flex-col gap-1 empty:hidden first:pt-[3px]\">\n<div class=\"markdown prose w-full break-words dark:prose-invert dark\">\n<p>Vi \u00e4r noga med att presentera potentiella fastigheter inom den \u00f6verenskomna tidsramen, vilket \u00e4r ett bevis p\u00e5 v\u00e5r professionalism och f\u00f6rm\u00e5ga att leverera resultat i tid. Denna metod visar v\u00e5r dedikation till att s\u00e4tta kundens behov och \u00f6nskem\u00e5l i f\u00f6rsta rummet, och garanterar en smidig och tillfredsst\u00e4llande upplevelse genom hela processen.<\/p>\n<\/div>\n<\/div>\n<\/div>\n<\/div>\n<\/div>\n<\/div>\n[\/vc_column_text][\/toggle][toggle color=&#8221;Accent-Color&#8221; heading_tag=&#8221;h3&#8243; heading_tag_functionality=&#8221;default&#8221; title=&#8221;Wow, kommer det h\u00e4r f\u00f6rmodligen bli dyrt?&#8221;][vc_column_text]Vi erbjuder en mycket gener\u00f6s och lockande tj\u00e4nst som verkligen st\u00e5r ut. V\u00e5r investering av tid, energi och resurser i att s\u00f6ka efter det perfekta hemmet speglar v\u00e5r h\u00e4ngivenhet och engagemang f\u00f6r att uppfylla kundernas behov och \u00f6nskem\u00e5l. Att erbjuda denna tj\u00e4nst utan extra kostnad f\u00f6r kunden \u00e4r en betydande f\u00f6rdel och g\u00f6r v\u00e5r modell \u00e4nnu mer attraktiv f\u00f6r potentiella kunder.<\/p>\n<p>Det visar p\u00e5 v\u00e5r tilltro till v\u00e5r f\u00f6rm\u00e5ga att hitta r\u00e4tt fastighet f\u00f6r v\u00e5ra kunder och v\u00e5rt engagemang f\u00f6r att leverera en f\u00f6rstklassig service. Denna kostnadsfria modell \u00e4r en lockande proposition f\u00f6r alla som s\u00f6ker sitt dr\u00f6mhem, eftersom det inte bara minskar den ekonomiska belastningen utan ocks\u00e5 understryker v\u00e5r vilja att s\u00e4tta kunden i fokus och erbjuda en enast\u00e5ende upplevelse.[\/vc_column_text][\/toggle][toggle color=&#8221;Accent-Color&#8221; heading_tag=&#8221;h3&#8243; heading_tag_functionality=&#8221;default&#8221; title=&#8221;Hur g\u00e5r det till?&#8221;][vc_column_text]Det \u00e4r verkligen en f\u00f6rdelaktig och r\u00e4ttvis modell f\u00f6r b\u00e5de oss och v\u00e5ra kunder. Genom att ta ut en \u00e5tagandeavgift i b\u00f6rjan kan vi t\u00e4cka v\u00e5ra initialkostnader, vilket \u00e4r rimligt med tanke p\u00e5 den tid och energi vi l\u00e4gger ned p\u00e5 att s\u00f6ka efter fastigheter. N\u00e4r en fastighet v\u00e4l har valts och k\u00f6pprocessen g\u00e5r vidare, \u00e5terbetalar vi \u00e5tagandeavgiften som en del av k\u00f6peskillingen. Detta g\u00f6r det mer \u00f6verkomligt f\u00f6r kunderna och underl\u00e4ttar processen.<\/p>\n<p>Att \u00e4ven kunna inkludera \u00e5tagandeavgiften som en del av k\u00f6peskillingen, t\u00e4ckt av s\u00e4ljbyr\u00e5n, g\u00f6r det \u00e4nnu mer f\u00f6rdelaktigt f\u00f6r kunderna och visar v\u00e5r vilja att g\u00f6ra aff\u00e4ren s\u00e5 smidig och transparent som m\u00f6jligt. Detta skapar en vinn-vinn-situation d\u00e4r b\u00e5de vi och v\u00e5ra kunder drar nytta av en tydlig och r\u00e4ttvis modell, vilket g\u00f6r hela processen mer tillfredsst\u00e4llande och mindre belastande.[\/vc_column_text][\/toggle][toggle color=&#8221;Accent-Color&#8221; heading_tag=&#8221;h3&#8243; heading_tag_functionality=&#8221;default&#8221; title=&#8221;S\u00e5 vad ska man g\u00f6ra nu?&#8221;][vc_column_text]Kontakta oss f\u00f6r att p\u00e5b\u00f6rja s\u00f6kandet efter ditt dr\u00f6mhem s\u00e5 snart som m\u00f6jligt. Genom att samarbeta med oss fr\u00e5n b\u00f6rjan kan vi tillsammans skapa en tydlig profil f\u00f6r den typ av fastighet du letar efter och b\u00f6rja s\u00f6ka efter potentiella alternativ omedelbart. Ju tidigare vi s\u00e4tter ig\u00e5ng, desto snabbare kan du vara p\u00e5 v\u00e4g att hitta det perfekta hemmet f\u00f6r dig. Tveka inte att n\u00e5 ut till v\u00e5rt erfarna team n\u00e4r du \u00e4r redo att inleda din fastighetsresa![\/vc_column_text][\/toggle][\/toggles][\/vc_column][vc_column right_padding_desktop=&#8221;2vw&#8221; top_margin_tablet=&#8221;10%&#8221; column_element_direction_desktop=&#8221;default&#8221; column_element_spacing=&#8221;default&#8221; desktop_text_alignment=&#8221;default&#8221; tablet_text_alignment=&#8221;default&#8221; phone_text_alignment=&#8221;default&#8221; background_color_opacity=&#8221;1&#8243; background_hover_color_opacity=&#8221;1&#8243; column_backdrop_filter=&#8221;none&#8221; column_shadow=&#8221;none&#8221; column_border_radius=&#8221;none&#8221; column_link_target=&#8221;_self&#8221; column_position=&#8221;default&#8221; advanced_gradient_angle=&#8221;0&#8243; gradient_direction=&#8221;left_to_right&#8221; overlay_strength=&#8221;0.3&#8243; width=&#8221;1\/2&#8243; tablet_width_inherit=&#8221;default&#8221; animation_type=&#8221;default&#8221; bg_image_animation=&#8221;none&#8221; border_type=&#8221;simple&#8221; column_border_width=&#8221;none&#8221; column_border_style=&#8221;solid&#8221; column_padding_type=&#8221;advanced&#8221; gradient_type=&#8221;default&#8221;][vc_row_inner column_margin=&#8221;default&#8221; column_direction=&#8221;default&#8221; column_direction_tablet=&#8221;default&#8221; column_direction_phone=&#8221;default&#8221; text_align=&#8221;left&#8221; row_position=&#8221;default&#8221; row_position_tablet=&#8221;inherit&#8221; row_position_phone=&#8221;inherit&#8221; overflow=&#8221;visible&#8221; pointer_events=&#8221;all&#8221;][vc_column_inner top_padding_desktop=&#8221;60vh&#8221; top_padding_tablet=&#8221;50vh&#8221; top_padding_phone=&#8221;40vh&#8221; column_element_direction_desktop=&#8221;default&#8221; column_element_spacing=&#8221;default&#8221; desktop_text_alignment=&#8221;default&#8221; tablet_text_alignment=&#8221;default&#8221; phone_text_alignment=&#8221;default&#8221; background_color_opacity=&#8221;1&#8243; background_hover_color_opacity=&#8221;1&#8243; background_image=&#8221;128&#8243; background_image_position=&#8221;center center&#8221; background_image_stacking=&#8221;front&#8221; enable_bg_scale=&#8221;true&#8221; background_image_loading=&#8221;default&#8221; column_backdrop_filter=&#8221;none&#8221; column_shadow=&#8221;none&#8221; column_border_radius=&#8221;20px&#8221; column_link_target=&#8221;_self&#8221; overflow=&#8221;visible&#8221; advanced_gradient_angle=&#8221;312&#8243; gradient_direction=&#8221;left_to_right&#8221; overlay_strength=&#8221;0.3&#8243; width=&#8221;1\/1&#8243; tablet_width_inherit=&#8221;default&#8221; animation_type=&#8221;default&#8221; bg_image_animation=&#8221;none&#8221; parallax_bg=&#8221;true&#8221; parallax_bg_speed=&#8221;minimum&#8221; border_type=&#8221;simple&#8221; column_border_width=&#8221;none&#8221; column_border_style=&#8221;solid&#8221; gradient_type=&#8221;default&#8221; column_padding_type=&#8221;advanced&#8221;][\/vc_column_inner][\/vc_row_inner][\/vc_column][\/vc_row]\n","protected":false},"excerpt":{"rendered":"<p>[vc_row type=&#8221;full_width_background&#8221; full_screen_row_position=&#8221;middle&#8221; column_margin=&#8221;default&#8221; column_direction=&#8221;default&#8221; column_direction_tablet=&#8221;default&#8221; column_direction_phone=&#8221;default&#8221; scene_position=&#8221;center&#8221; top_padding=&#8221;8%&#8221; left_padding_desktop=&#8221;10%&#8221; constrain_group_2=&#8221;yes&#8221; right_padding_desktop=&#8221;10%&#8221; top_padding_tablet=&#8221;16%&#8221; text_color=&#8221;dark&#8221; text_align=&#8221;left&#8221; row_border_radius=&#8221;none&#8221; row_border_radius_applies=&#8221;bg&#8221; overflow=&#8221;visible&#8221; id=&#8221;how&#8221; overlay_strength=&#8221;0.3&#8243; gradient_direction=&#8221;left_to_right&#8221; shape_divider_position=&#8221;bottom&#8221; bg_image_animation=&#8221;none&#8221; gradient_type=&#8221;default&#8221; shape_type=&#8221;&#8221;][vc_column column_padding=&#8221;no-extra-padding&#8221; column_padding_tablet=&#8221;inherit&#8221; column_padding_phone=&#8221;inherit&#8221; column_padding_position=&#8221;all&#8221; column_element_direction_desktop=&#8221;default&#8221;&#8230;<\/p>\n","protected":false},"author":1,"featured_media":288,"parent":0,"menu_order":0,"comment_status":"closed","ping_status":"closed","template":"","meta":{"footnotes":""},"class_list":["post-290","page","type-page","status-publish","has-post-thumbnail"],"aioseo_notices":[],"_links":{"self":[{"href":"https:\/\/propertyfindersmallorca.com\/sv\/wp-json\/wp\/v2\/pages\/290","targetHints":{"allow":["GET"]}}],"collection":[{"href":"https:\/\/propertyfindersmallorca.com\/sv\/wp-json\/wp\/v2\/pages"}],"about":[{"href":"https:\/\/propertyfindersmallorca.com\/sv\/wp-json\/wp\/v2\/types\/page"}],"author":[{"embeddable":true,"href":"https:\/\/propertyfindersmallorca.com\/sv\/wp-json\/wp\/v2\/users\/1"}],"replies":[{"embeddable":true,"href":"https:\/\/propertyfindersmallorca.com\/sv\/wp-json\/wp\/v2\/comments?post=290"}],"version-history":[{"count":14,"href":"https:\/\/propertyfindersmallorca.com\/sv\/wp-json\/wp\/v2\/pages\/290\/revisions"}],"predecessor-version":[{"id":358,"href":"https:\/\/propertyfindersmallorca.com\/sv\/wp-json\/wp\/v2\/pages\/290\/revisions\/358"}],"wp:featuredmedia":[{"embeddable":true,"href":"https:\/\/propertyfindersmallorca.com\/sv\/wp-json\/wp\/v2\/media\/288"}],"wp:attachment":[{"href":"https:\/\/propertyfindersmallorca.com\/sv\/wp-json\/wp\/v2\/media?parent=290"}],"curies":[{"name":"wp","href":"https:\/\/api.w.org\/{rel}","templated":true}]}}